{"id":31,"date":"2023-04-30T14:21:00","date_gmt":"2023-04-30T12:21:00","guid":{"rendered":"https:\/\/comitesolarien.fr\/?page_id=31"},"modified":"2023-04-30T14:21:00","modified_gmt":"2023-04-30T12:21:00","slug":"statuts-2","status":"publish","type":"page","link":"https:\/\/comitesolarien.fr\/?page_id=31","title":{"rendered":"Statuts"},"content":{"rendered":"\n<p>Vous trouverez ci-dessous les documents constitutifs de l&rsquo;association, ses statuts ainsi que le r\u00e8glement int\u00e9rieur.<\/p>\n\n\n\n<p>Les statuts :<\/p>\n\n\n\n<div data-wp-interactive=\"core\/file\" class=\"wp-block-file\"><object data-wp-bind--hidden=\"!state.hasPdfPreview\" hidden class=\"wp-block-file__embed\" data=\"https:\/\/comitesolarien.fr\/wp-content\/uploads\/2023\/04\/Statuts.pdf\" type=\"application\/pdf\" style=\"width:100%;height:600px\" aria-label=\"Contenu embarqu\u00e9 Statuts.\"><\/object><a id=\"wp-block-file--media-1e494cd6-24eb-4ef7-afae-71ae16f9a975\" href=\"https:\/\/comitesolarien.fr\/wp-content\/uploads\/2023\/04\/Statuts.pdf\">Statuts<\/a><a href=\"https:\/\/comitesolarien.fr\/wp-content\/uploads\/2023\/04\/Statuts.pdf\" class=\"wp-block-file__button wp-element-button\" download aria-describedby=\"wp-block-file--media-1e494cd6-24eb-4ef7-afae-71ae16f9a975\">T\u00e9l\u00e9charger<\/a><\/div>\n\n\n\n<p>Et le r\u00e8glement int\u00e9rieur :<\/p>\n\n\n\n<div data-wp-interactive=\"core\/file\" class=\"wp-block-file\"><object data-wp-bind--hidden=\"!state.hasPdfPreview\" hidden class=\"wp-block-file__embed\" data=\"https:\/\/comitesolarien.fr\/wp-content\/uploads\/2023\/04\/reglement_interieur.pdf\" type=\"application\/pdf\" style=\"width:100%;height:600px\" aria-label=\"Contenu embarqu\u00e9 reglement_interieur.\"><\/object><a id=\"wp-block-file--media-edcb7c69-4105-44c9-928f-bf328d0515fc\" href=\"https:\/\/comitesolarien.fr\/wp-content\/uploads\/2023\/04\/reglement_interieur.pdf\">reglement_interieur<\/a><a href=\"https:\/\/comitesolarien.fr\/wp-content\/uploads\/2023\/04\/reglement_interieur.pdf\" class=\"wp-block-file__button wp-element-button\" download aria-describedby=\"wp-block-file--media-edcb7c69-4105-44c9-928f-bf328d0515fc\">T\u00e9l\u00e9charger<\/a><\/div>\n","protected":false},"excerpt":{"rendered":"<p>Vous trouverez ci-dessous les documents constitutifs de l&rsquo;association, ses statuts ainsi que le r\u00e8glement int\u00e9rieur. Les statuts : Et le r\u00e8glement int\u00e9rieur :<\/p>\n","protected":false},"author":1,"featured_media":0,"parent":0,"menu_order":0,"comment_status":"closed","ping_status":"closed","template":"","meta":{"_EventAllDay":false,"_EventTimezone":"","_EventStartDate":"","_EventEndDate":"","_EventStartDateUTC":"","_EventEndDateUTC":"","_EventShowMap":false,"_EventShowMapLink":false,"_EventURL":"","_EventCost":"","_EventCostDescription":"","_EventCurrencySymbol":"","_EventCurrencyCode":"","_EventCurrencyPosition":"","_EventDateTimeSeparator":"","_EventTimeRangeSeparator":"","_EventOrganizerID":[],"_EventVenueID":[],"_OrganizerEmail":"","_OrganizerPhone":"","_OrganizerWebsite":"","_VenueAddress":"","_VenueCity":"","_VenueCountry":"","_VenueProvince":"","_VenueState":"","_VenueZip":"","_VenuePhone":"","_VenueURL":"","_VenueStateProvince":"","_VenueLat":"","_VenueLng":"","_VenueShowMap":false,"_VenueShowMapLink":false,"footnotes":""},"class_list":["post-31","page","type-page","status-publish","hentry"],"_links":{"self":[{"href":"https:\/\/comitesolarien.fr\/index.php?rest_route=\/wp\/v2\/pages\/31","targetHints":{"allow":["GET"]}}],"collection":[{"href":"https:\/\/comitesolarien.fr\/index.php?rest_route=\/wp\/v2\/pages"}],"about":[{"href":"https:\/\/comitesolarien.fr\/index.php?rest_route=\/wp\/v2\/types\/page"}],"author":[{"embeddable":true,"href":"https:\/\/comitesolarien.fr\/index.php?rest_route=\/wp\/v2\/users\/1"}],"replies":[{"embeddable":true,"href":"https:\/\/comitesolarien.fr\/index.php?rest_route=%2Fwp%2Fv2%2Fcomments&post=31"}],"version-history":[{"count":1,"href":"https:\/\/comitesolarien.fr\/index.php?rest_route=\/wp\/v2\/pages\/31\/revisions"}],"predecessor-version":[{"id":34,"href":"https:\/\/comitesolarien.fr\/index.php?rest_route=\/wp\/v2\/pages\/31\/revisions\/34"}],"wp:attachment":[{"href":"https:\/\/comitesolarien.fr\/index.php?rest_route=%2Fwp%2Fv2%2Fmedia&parent=31"}],"curies":[{"name":"wp","href":"https:\/\/api.w.org\/{rel}","templated":true}]}}